{"id":75,"date":"2021-08-19T19:25:57","date_gmt":"2021-08-19T17:25:57","guid":{"rendered":"https:\/\/enlevement-epave-49.net\/?page_id=75"},"modified":"2023-10-07T11:13:53","modified_gmt":"2023-10-07T09:13:53","slug":"contact","status":"publish","type":"page","link":"https:\/\/enlevement-epave-49.net\/?page_id=75","title":{"rendered":"Contact"},"content":{"rendered":"\t\t<div data-elementor-type=\"wp-post\" data-elementor-id=\"75\" class=\"elementor elementor-75\" data-elementor-post-type=\"page\">\n\t\t\t\t\t\t<section class=\"elementor-section elementor-top-section elementor-element elementor-element-42f99870 elementor-section-height-min-height elementor-section-boxed elementor-section-height-default elementor-section-items-middle\" data-id=\"42f99870\" data-element_type=\"section\" data-settings=\"{&quot;background_background&quot;:&quot;classic&quot;}\">\n\t\t\t\t\t\t<div class=\"elementor-container elementor-column-gap-default\">\n\t\t\t\t\t<div class=\"elementor-column elementor-col-100 elementor-top-column elementor-element elementor-element-2b1c250\" data-id=\"2b1c250\" data-element_type=\"column\">\n\t\t\t<div class=\"elementor-widget-wrap elementor-element-populated\">\n\t\t\t\t\t\t<div class=\"elementor-element elementor-element-24c8d6ca elementor-widget elementor-widget-heading\" data-id=\"24c8d6ca\" data-element_type=\"widget\" data-widget_type=\"heading.default\">\n\t\t\t\t<div class=\"elementor-widget-container\">\n\t\t\t\t\t<h1 class=\"elementor-heading-title elementor-size-default\"><a href=\"https:\/\/enlevement-epave-49.net\/\">Retour a l'accueil<\/a><\/h1>\t\t\t\t<\/div>\n\t\t\t\t<\/div>\n\t\t\t\t\t<\/div>\n\t\t<\/div>\n\t\t\t\t\t<\/div>\n\t\t<\/section>\n\t\t\t\t<section class=\"elementor-section elementor-top-section elementor-element elementor-element-ee4440e elementor-section-boxed elementor-section-height-default elementor-section-height-default\" data-id=\"ee4440e\" data-element_type=\"section\">\n\t\t\t\t\t\t<div class=\"elementor-container elementor-column-gap-default\">\n\t\t\t\t\t<div class=\"elementor-column elementor-col-100 elementor-top-column elementor-element elementor-element-2eac983\" data-id=\"2eac983\" data-element_type=\"column\">\n\t\t\t<div class=\"elementor-widget-wrap elementor-element-populated\">\n\t\t\t\t\t\t<section class=\"elementor-section elementor-inner-section elementor-element elementor-element-7b7a403 elementor-section-boxed elementor-section-height-default elementor-section-height-default\" data-id=\"7b7a403\" data-element_type=\"section\">\n\t\t\t\t\t\t<div class=\"elementor-container elementor-column-gap-default\">\n\t\t\t\t\t<div class=\"elementor-column elementor-col-50 elementor-inner-column elementor-element elementor-element-fabe419\" data-id=\"fabe419\" data-element_type=\"column\">\n\t\t\t<div class=\"elementor-widget-wrap elementor-element-populated\">\n\t\t\t\t\t\t<div class=\"elementor-element elementor-element-82759b4 elementor-widget elementor-widget-text-editor\" data-id=\"82759b4\" data-element_type=\"widget\" data-widget_type=\"text-editor.default\">\n\t\t\t\t<div class=\"elementor-widget-container\">\n\t\t\t\t\t\t\t\t\t<p><strong>Demande de mise en casse avec enl\u00e8vement gratuit :<\/strong><\/p><p>\u00a0<\/p><p>Informations n\u00e9cessaires :<\/p><p>&#8211; Copie du recto de la carte grise<\/p><p>&#8211; Localisation exacte du v\u00e9hicule<\/p><p>&#8211; Vos coordonn\u00e9es compl\u00e8tes<\/p><p>(R<a href=\"https:\/\/enlevement-epave-49.net\/\" target=\"_blank\" rel=\"noopener\">etournez \u00e0 l&rsquo;accueil pour plus de d\u00e9tails)<\/a><\/p><p>\u00a0<\/p><p>Vous pouvez nous envoyer un email \u00e0 passionvolant@gmail.com, ou nous appeler directement au 0781762016<\/p>\t\t\t\t\t\t\t\t<\/div>\n\t\t\t\t<\/div>\n\t\t\t\t\t<\/div>\n\t\t<\/div>\n\t\t\t\t<div class=\"elementor-column elementor-col-50 elementor-inner-column elementor-element elementor-element-aa8bd28\" data-id=\"aa8bd28\" data-element_type=\"column\">\n\t\t\t<div class=\"elementor-widget-wrap elementor-element-populated\">\n\t\t\t\t\t\t<div class=\"elementor-element elementor-element-6113111 elementor-widget elementor-widget-text-editor\" data-id=\"6113111\" data-element_type=\"widget\" data-widget_type=\"text-editor.default\">\n\t\t\t\t<div class=\"elementor-widget-container\">\n\t\t\t\t\t\t\t\t\t<p><strong>Demande de reprise de v\u00e9hicule :<\/strong><\/p><p>\u00a0<\/p><p>Informations n\u00e9cessaires :<\/p><p>&#8211; Kilom\u00e9trage du v\u00e9hicule<\/p><p>&#8211; Etat de la carrosserie<\/p><p>&#8211; fonctionnement g\u00e9n\u00e9ral ou pannes \u00e0 signaler<\/p><p>&#8211; Copie du recto de carte grise.<\/p><p>\u00a0<\/p><p><span style=\"color: #020000;\">Vous pouvez nous envoyer un email \u00e0 passionvolant@gmail.com, ou nous appeler directement au 0781762016<\/span><\/p>\t\t\t\t\t\t\t\t<\/div>\n\t\t\t\t<\/div>\n\t\t\t\t\t<\/div>\n\t\t<\/div>\n\t\t\t\t\t<\/div>\n\t\t<\/section>\n\t\t\t\t\t<\/div>\n\t\t<\/div>\n\t\t\t\t\t<\/div>\n\t\t<\/section>\n\t\t\t\t<section class=\"elementor-section elementor-top-section elementor-element elementor-element-15b4805 elementor-section-boxed elementor-section-height-default elementor-section-height-default\" data-id=\"15b4805\" data-element_type=\"section\">\n\t\t\t\t\t\t<div class=\"elementor-container elementor-column-gap-default\">\n\t\t\t\t\t<div class=\"elementor-column elementor-col-100 elementor-top-column elementor-element elementor-element-3b95845\" data-id=\"3b95845\" data-element_type=\"column\">\n\t\t\t<div class=\"elementor-widget-wrap elementor-element-populated\">\n\t\t\t\t\t\t<div class=\"elementor-element elementor-element-681c71e elementor-widget elementor-widget-gallery\" data-id=\"681c71e\" data-element_type=\"widget\" data-settings=\"{&quot;lazyload&quot;:&quot;yes&quot;,&quot;gallery_layout&quot;:&quot;grid&quot;,&quot;columns&quot;:4,&quot;columns_tablet&quot;:2,&quot;columns_mobile&quot;:1,&quot;gap&quot;:{&quot;unit&quot;:&quot;px&quot;,&quot;size&quot;:10,&quot;sizes&quot;:[]},&quot;gap_tablet&quot;:{&quot;unit&quot;:&quot;px&quot;,&quot;size&quot;:10,&quot;sizes&quot;:[]},&quot;gap_mobile&quot;:{&quot;unit&quot;:&quot;px&quot;,&quot;size&quot;:10,&quot;sizes&quot;:[]},&quot;aspect_ratio&quot;:&quot;3:2&quot;,&quot;overlay_background&quot;:&quot;yes&quot;,&quot;content_hover_animation&quot;:&quot;fade-in&quot;}\" data-widget_type=\"gallery.default\">\n\t\t\t\t<div class=\"elementor-widget-container\">\n\t\t\t\t\t\t\t<div class=\"elementor-gallery__container\">\n\t\t\t\t\t\t\t<div class=\"e-gallery-item elementor-gallery-item elementor-animated-content\">\n\t\t\t\t\t<div class=\"e-gallery-image elementor-gallery-item__image\" data-thumbnail=\"https:\/\/enlevement-epave-49.net\/wp-content\/uploads\/2023\/10\/depot1-300x162.png\" data-width=\"300\" data-height=\"162\" aria-label=\"\" role=\"img\" ><\/div>\n\t\t\t\t\t\t\t\t\t\t\t<div class=\"elementor-gallery-item__overlay\"><\/div>\n\t\t\t\t\t\t\t\t\t\t\t\t\t\t<\/div>\n\t\t\t\t\t\t\t<div class=\"e-gallery-item elementor-gallery-item elementor-animated-content\">\n\t\t\t\t\t<div class=\"e-gallery-image elementor-gallery-item__image\" data-thumbnail=\"https:\/\/enlevement-epave-49.net\/wp-content\/uploads\/2021\/08\/vignette-intervention4-300x254.png\" data-width=\"300\" data-height=\"254\" aria-label=\"destruction vehicule gratuit\" role=\"img\" ><\/div>\n\t\t\t\t\t\t\t\t\t\t\t<div class=\"elementor-gallery-item__overlay\"><\/div>\n\t\t\t\t\t\t\t\t\t\t\t\t\t\t<\/div>\n\t\t\t\t\t\t\t<div class=\"e-gallery-item elementor-gallery-item elementor-animated-content\">\n\t\t\t\t\t<div class=\"e-gallery-image elementor-gallery-item__image\" data-thumbnail=\"https:\/\/enlevement-epave-49.net\/wp-content\/uploads\/2022\/03\/remorquage-utilitaire-angers-300x152.jpg\" data-width=\"300\" data-height=\"152\" aria-label=\"\" role=\"img\" ><\/div>\n\t\t\t\t\t\t\t\t\t\t\t<div class=\"elementor-gallery-item__overlay\"><\/div>\n\t\t\t\t\t\t\t\t\t\t\t\t\t\t<\/div>\n\t\t\t\t\t\t\t<div class=\"e-gallery-item elementor-gallery-item elementor-animated-content\">\n\t\t\t\t\t<div class=\"e-gallery-image elementor-gallery-item__image\" data-thumbnail=\"https:\/\/enlevement-epave-49.net\/wp-content\/uploads\/2021\/08\/vignette-intervention-300x258.png\" data-width=\"300\" data-height=\"258\" aria-label=\"Destruction vehicule gratuit\" role=\"img\" ><\/div>\n\t\t\t\t\t\t\t\t\t\t\t<div class=\"elementor-gallery-item__overlay\"><\/div>\n\t\t\t\t\t\t\t\t\t\t\t\t\t\t<\/div>\n\t\t\t\t\t<\/div>\n\t\t\t\t\t<\/div>\n\t\t\t\t<\/div>\n\t\t\t\t\t<\/div>\n\t\t<\/div>\n\t\t\t\t\t<\/div>\n\t\t<\/section>\n\t\t\t\t<section class=\"elementor-section elementor-top-section elementor-element elementor-element-1f86feeb elementor-section-boxed elementor-section-height-default elementor-section-height-default\" data-id=\"1f86feeb\" data-element_type=\"section\">\n\t\t\t\t\t\t<div class=\"elementor-container elementor-column-gap-default\">\n\t\t\t\t\t<div class=\"elementor-column elementor-col-50 elementor-top-column elementor-element elementor-element-3fbfce73\" data-id=\"3fbfce73\" data-element_type=\"column\">\n\t\t\t<div class=\"elementor-widget-wrap elementor-element-populated\">\n\t\t\t\t\t\t<div class=\"elementor-element elementor-element-4a2305d7 elementor-widget elementor-widget-heading\" data-id=\"4a2305d7\" data-element_type=\"widget\" data-widget_type=\"heading.default\">\n\t\t\t\t<div class=\"elementor-widget-container\">\n\t\t\t\t\t<h4 class=\"elementor-heading-title elementor-size-default\">Du lundi au Samedi<br>Bouchemaine - Vern d'Anjou<\/h4>\t\t\t\t<\/div>\n\t\t\t\t<\/div>\n\t\t\t\t<div class=\"elementor-element elementor-element-865318f elementor-widget elementor-widget-heading\" data-id=\"865318f\" data-element_type=\"widget\" data-widget_type=\"heading.default\">\n\t\t\t\t<div class=\"elementor-widget-container\">\n\t\t\t\t\t<h2 class=\"elementor-heading-title elementor-size-default\">8H - 18H<\/h2>\t\t\t\t<\/div>\n\t\t\t\t<\/div>\n\t\t\t\t\t<\/div>\n\t\t<\/div>\n\t\t\t\t<div class=\"elementor-column elementor-col-50 elementor-top-column elementor-element elementor-element-58d6c20c\" data-id=\"58d6c20c\" data-element_type=\"column\">\n\t\t\t<div class=\"elementor-widget-wrap elementor-element-populated\">\n\t\t\t\t\t\t<div class=\"elementor-element elementor-element-15053fea elementor-widget elementor-widget-text-editor\" data-id=\"15053fea\" data-element_type=\"widget\" data-widget_type=\"text-editor.default\">\n\t\t\t\t<div class=\"elementor-widget-container\">\n\t\t\t\t\t\t\t\t\t<p class=\"p1\"><strong>MENTIONS LEGALES<\/strong><\/p><p>Identification du site : Les informations suivantes sont fournies en vertu de l\u2019Article 6 de LOI n\u00b0 2004-575 du 21 juin 2004 pour la Confiance dans l&rsquo;Economie Num\u00e9rique.<\/p><p>Le site Internet http:\/\/www.enlevement-epave-49.net est la propri\u00e9t\u00e9 de PASSION VOLANT, RCS ANGERS 519 731 483 domicili\u00e9 \u00e0 la Richerie 49220 Erdre en Anjou. t\u00e9l\u00e9phone : 0781762016 &#8211; EMAIL : passionvolant@gmail.com<\/p><p>Nom de domaine et h\u00e9bergement g\u00e9r\u00e9 par : OVH SAS<br \/>au capital de 10 069 020 \u20ac<br \/>RCS Lille M\u00e9tropole 424 761 419 00045<br \/>Code APE 2620Z<br \/>N\u00b0 TVA : FR 22 424 761 419<br \/>Si\u00e8ge social : 2 rue Kellermann &#8211; 59100 Roubaix &#8211; France<\/p>\t\t\t\t\t\t\t\t<\/div>\n\t\t\t\t<\/div>\n\t\t\t\t\t<\/div>\n\t\t<\/div>\n\t\t\t\t\t<\/div>\n\t\t<\/section>\n\t\t\t\t<\/div>\n\t\t","protected":false},"excerpt":{"rendered":"<p>Retour a l&rsquo;accueil Demande de mise en casse avec enl\u00e8vement gratuit : \u00a0 Informations n\u00e9cessaires : &#8211; Copie du recto de la carte grise &#8211; Localisation exacte du v\u00e9hicule &#8211; Vos coordonn\u00e9es compl\u00e8tes (Retournez \u00e0 l&rsquo;accueil pour plus de d\u00e9tails) \u00a0 Vous pouvez nous envoyer un email \u00e0 passionvolant@gmail.com, ou nous appeler directement au 0781762016&hellip; <a class=\"more-link\" href=\"https:\/\/enlevement-epave-49.net\/?page_id=75\">Poursuivre la lecture <span class=\"screen-reader-text\">Contact<\/span><\/a><\/p>\n","protected":false},"author":1,"featured_media":0,"parent":0,"menu_order":0,"comment_status":"closed","ping_status":"closed","template":"elementor_header_footer","meta":{"footnotes":""},"class_list":["post-75","page","type-page","status-publish","hentry","entry"],"_links":{"self":[{"href":"https:\/\/enlevement-epave-49.net\/index.php?rest_route=\/wp\/v2\/pages\/75","targetHints":{"allow":["GET"]}}],"collection":[{"href":"https:\/\/enlevement-epave-49.net\/index.php?rest_route=\/wp\/v2\/pages"}],"about":[{"href":"https:\/\/enlevement-epave-49.net\/index.php?rest_route=\/wp\/v2\/types\/page"}],"author":[{"embeddable":true,"href":"https:\/\/enlevement-epave-49.net\/index.php?rest_route=\/wp\/v2\/users\/1"}],"replies":[{"embeddable":true,"href":"https:\/\/enlevement-epave-49.net\/index.php?rest_route=%2Fwp%2Fv2%2Fcomments&post=75"}],"version-history":[{"count":0,"href":"https:\/\/enlevement-epave-49.net\/index.php?rest_route=\/wp\/v2\/pages\/75\/revisions"}],"wp:attachment":[{"href":"https:\/\/enlevement-epave-49.net\/index.php?rest_route=%2Fwp%2Fv2%2Fmedia&parent=75"}],"curies":[{"name":"wp","href":"https:\/\/api.w.org\/{rel}","templated":true}]}}